{"id":10016,"date":"2025-03-04T11:25:25","date_gmt":"2025-03-04T18:25:25","guid":{"rendered":"https:\/\/rackusa.com\/es-mx\/producto\/"},"modified":"2026-03-09T16:57:57","modified_gmt":"2026-03-09T22:57:57","slug":"producto","status":"publish","type":"page","link":"https:\/\/rackusa.com\/es-mx\/producto\/","title":{"rendered":"Producto"},"content":{"rendered":"\t\t<div data-elementor-type=\"wp-page\" data-elementor-id=\"10016\" class=\"elementor elementor-10016\" data-elementor-post-type=\"page\">\n\t\t\t\t<div class=\"elementor-element elementor-element-73f3de5 e-flex e-con-boxed e-con e-parent\" data-id=\"73f3de5\" data-element_type=\"container\" data-e-type=\"container\" data-settings=\"{&quot;background_background&quot;:&quot;classic&quot;,&quot;jet_parallax_layout_list&quot;:[]}\">\n\t\t\t\t\t<div class=\"e-con-inner\">\n\t\t\t\t<div class=\"elementor-element elementor-element-4a5a782 elementor-widget elementor-widget-heading\" data-id=\"4a5a782\" data-element_type=\"widget\" data-e-type=\"widget\" data-widget_type=\"heading.default\">\n\t\t\t\t\t<h1 class=\"elementor-heading-title elementor-size-default\">Soluciones de almacenaje<\/h1>\t\t\t\t<\/div>\n\t\t\t\t\t<\/div>\n\t\t\t\t<\/div>\n\t\t<div class=\"elementor-element elementor-element-1960d0f e-flex e-con-boxed e-con e-parent\" data-id=\"1960d0f\" data-element_type=\"container\" data-e-type=\"container\" data-settings=\"{&quot;background_background&quot;:&quot;classic&quot;,&quot;jet_parallax_layout_list&quot;:[]}\">\n\t\t\t\t\t<div class=\"e-con-inner\">\n\t\t\t\t<div class=\"elementor-element elementor-element-f7c0b02 elementor-widget elementor-widget-heading\" data-id=\"f7c0b02\" data-element_type=\"widget\" data-e-type=\"widget\" data-widget_type=\"heading.default\">\n\t\t\t\t\t<h2 class=\"elementor-heading-title elementor-size-default\">Checa nuestros productos<\/h2>\t\t\t\t<\/div>\n\t\t<div class=\"elementor-element elementor-element-eddfa68 e-grid e-con-full e-con e-child\" data-id=\"eddfa68\" data-element_type=\"container\" data-e-type=\"container\" data-settings=\"{&quot;jet_parallax_layout_list&quot;:[]}\">\n\t\t<div class=\"elementor-element elementor-element-eda28ee e-con-full e-flex e-con e-child\" data-id=\"eda28ee\" data-element_type=\"container\" data-e-type=\"container\" data-settings=\"{&quot;background_background&quot;:&quot;classic&quot;,&quot;jet_parallax_layout_list&quot;:[]}\">\n\t\t\t\t<div class=\"elementor-element elementor-element-5b7e84c elementor-widget elementor-widget-image\" data-id=\"5b7e84c\" data-element_type=\"widget\" data-e-type=\"widget\" data-widget_type=\"image.default\">\n\t\t\t\t\t\t\t\t\t\t\t\t\t\t\t\t<a href=\"https:\/\/rackusa.com\/es-mx\/rack-selectivo\/\">\n\t\t\t\t\t\t\t<img decoding=\"async\" src=\"https:\/\/rackusa.com\/es-mx\/wp-content\/uploads\/sites\/3\/2025\/05\/Selective-Racking1-min.jpg\" title=\"Selective Racking1-min\" alt=\"Productos de almacenamiento\" loading=\"lazy\" \/>\t\t\t\t\t\t\t\t<\/a>\n\t\t\t\t\t\t\t\t\t\t\t\t\t\t\t<\/div>\n\t\t<div class=\"elementor-element elementor-element-1963a1f e-con-full e-flex e-con e-child\" data-id=\"1963a1f\" data-element_type=\"container\" data-e-type=\"container\" data-settings=\"{&quot;jet_parallax_layout_list&quot;:[]}\">\n\t\t<div class=\"elementor-element elementor-element-232051b e-con-full e-flex e-con e-child\" data-id=\"232051b\" data-element_type=\"container\" data-e-type=\"container\" data-settings=\"{&quot;jet_parallax_layout_list&quot;:[]}\">\n\t\t\t\t<div class=\"elementor-element elementor-element-4790573 elementor-widget elementor-widget-heading\" data-id=\"4790573\" data-element_type=\"widget\" data-e-type=\"widget\" data-widget_type=\"heading.default\">\n\t\t\t\t\t<h5 class=\"elementor-heading-title elementor-size-default\"><a href=\"https:\/\/rackusa.com\/es-mx\/rack-selectivo\/\">Rack selectivos rolados \/ estructurales<\/a><\/h5>\t\t\t\t<\/div>\n\t\t\t\t<div class=\"elementor-element elementor-element-2e33ba9 elementor-widget elementor-widget-text-editor\" data-id=\"2e33ba9\" data-element_type=\"widget\" data-e-type=\"widget\" data-widget_type=\"text-editor.default\">\n\t\t\t\t\t\t\t\t\t<p>Los sistemas de racks est\u00e1ndar son duraderos y vers\u00e1tiles, y est\u00e1n optimizados para el almacenamiento eficiente de cajas, contenedores y cargas en tarimas de 1 a 3 toneladas. Ideales para almacenes e instalaciones industriales, maximizan el espacio y facilitan el acceso a los art\u00edculos almacenados.<\/p><p><a href=\"https:\/\/rackusa.com\/es-mx\/rack-selectivo\/\" target=\"_blank\" rel=\"noopener\"><b>Ver m\u00e1s&#8230;<\/b><\/a><\/p>\t\t\t\t\t\t\t\t<\/div>\n\t\t\t\t<\/div>\n\t\t\t\t<\/div>\n\t\t\t\t<\/div>\n\t\t<div class=\"elementor-element elementor-element-4cd40f8 e-con-full e-flex e-con e-child\" data-id=\"4cd40f8\" data-element_type=\"container\" data-e-type=\"container\" data-settings=\"{&quot;background_background&quot;:&quot;classic&quot;,&quot;jet_parallax_layout_list&quot;:[]}\">\n\t\t\t\t<div class=\"elementor-element elementor-element-a6ac342 elementor-widget elementor-widget-image\" data-id=\"a6ac342\" data-element_type=\"widget\" data-e-type=\"widget\" data-widget_type=\"image.default\">\n\t\t\t\t\t\t\t\t\t\t\t\t\t\t\t\t<a href=\"https:\/\/rackusa.com\/es-mx\/rack-dinamico\/\">\n\t\t\t\t\t\t\t<img decoding=\"async\" src=\"https:\/\/rackusa.com\/es-mx\/wp-content\/uploads\/sites\/3\/2026\/03\/Racks-Dinamicos-RackUSA.png\" title=\"Racks Din\u00e1micos &#8211; RackUSA\" alt=\"Racks Din\u00e1micos - RackUSA\" loading=\"lazy\" \/>\t\t\t\t\t\t\t\t<\/a>\n\t\t\t\t\t\t\t\t\t\t\t\t\t\t\t<\/div>\n\t\t<div class=\"elementor-element elementor-element-8ba1cec e-con-full e-flex e-con e-child\" data-id=\"8ba1cec\" data-element_type=\"container\" data-e-type=\"container\" data-settings=\"{&quot;jet_parallax_layout_list&quot;:[]}\">\n\t\t<div class=\"elementor-element elementor-element-2b807c0 e-con-full e-flex e-con e-child\" data-id=\"2b807c0\" data-element_type=\"container\" data-e-type=\"container\" data-settings=\"{&quot;jet_parallax_layout_list&quot;:[]}\">\n\t\t\t\t<div class=\"elementor-element elementor-element-861c084 elementor-widget elementor-widget-heading\" data-id=\"861c084\" data-element_type=\"widget\" data-e-type=\"widget\" data-widget_type=\"heading.default\">\n\t\t\t\t\t<h5 class=\"elementor-heading-title elementor-size-default\"><a href=\"https:\/\/rackusa.com\/es-mx\/rack-dinamico\/\">Racks Din\u00e1micos<\/a><\/h5>\t\t\t\t<\/div>\n\t\t\t\t<div class=\"elementor-element elementor-element-c830f2c elementor-widget elementor-widget-text-editor\" data-id=\"c830f2c\" data-element_type=\"widget\" data-e-type=\"widget\" data-widget_type=\"text-editor.default\">\n\t\t\t\t\t\t\t\t\t<p>En el mundo de la log\u00edstica y los sistemas de almacenamiento, la eficiencia es clave para garantizar el buen funcionamiento de cualquier almac\u00e9n. En RackUSA, ofrecemos una soluci\u00f3n avanzada: los racks din\u00e1micos. Estos innovadores sistemas estan dise\u00f1ados para mejorar la rotaci\u00f3n del inventario, optimizar el espacio disponible y garantizar un funcionamiento m\u00e1s fluido y r\u00e1pido.<\/p><p><a href=\"https:\/\/rackusa.com\/es-mx\/rack-dinamico\/\" target=\"_blank\" rel=\"noopener\"><b>Ver m\u00e1s&#8230;<\/b><\/a><\/p>\t\t\t\t\t\t\t\t<\/div>\n\t\t\t\t<\/div>\n\t\t\t\t<\/div>\n\t\t\t\t<\/div>\n\t\t<div class=\"elementor-element elementor-element-08f18ac e-con-full e-flex e-con e-child\" data-id=\"08f18ac\" data-element_type=\"container\" data-e-type=\"container\" data-settings=\"{&quot;background_background&quot;:&quot;classic&quot;,&quot;jet_parallax_layout_list&quot;:[]}\">\n\t\t\t\t<div class=\"elementor-element elementor-element-c6d9ab9 elementor-widget elementor-widget-image\" data-id=\"c6d9ab9\" data-element_type=\"widget\" data-e-type=\"widget\" data-widget_type=\"image.default\">\n\t\t\t\t\t\t\t\t\t\t\t\t\t\t\t\t<a href=\"https:\/\/rackusa.com\/es-mx\/soluciones-a-medida\/\">\n\t\t\t\t\t\t\t<img fetchpriority=\"high\" decoding=\"async\" width=\"1000\" height=\"666\" src=\"https:\/\/rackusa.com\/es-mx\/wp-content\/uploads\/sites\/3\/2026\/03\/Racks-a-medida-RackUSA.png\" class=\"attachment-full size-full wp-image-15723\" alt=\"\" srcset=\"https:\/\/rackusa.com\/es-mx\/wp-content\/uploads\/sites\/3\/2026\/03\/Racks-a-medida-RackUSA.png 1000w, https:\/\/rackusa.com\/es-mx\/wp-content\/uploads\/sites\/3\/2026\/03\/Racks-a-medida-RackUSA-300x200.png 300w, https:\/\/rackusa.com\/es-mx\/wp-content\/uploads\/sites\/3\/2026\/03\/Racks-a-medida-RackUSA-768x511.png 768w\" sizes=\"(max-width: 1000px) 100vw, 1000px\" \/>\t\t\t\t\t\t\t\t<\/a>\n\t\t\t\t\t\t\t\t\t\t\t\t\t\t\t<\/div>\n\t\t<div class=\"elementor-element elementor-element-0fe3398 e-con-full e-flex e-con e-child\" data-id=\"0fe3398\" data-element_type=\"container\" data-e-type=\"container\" data-settings=\"{&quot;jet_parallax_layout_list&quot;:[]}\">\n\t\t<div class=\"elementor-element elementor-element-181bb0c e-con-full e-flex e-con e-child\" data-id=\"181bb0c\" data-element_type=\"container\" data-e-type=\"container\" data-settings=\"{&quot;jet_parallax_layout_list&quot;:[]}\">\n\t\t\t\t<div class=\"elementor-element elementor-element-ef6c5c4 elementor-widget elementor-widget-heading\" data-id=\"ef6c5c4\" data-element_type=\"widget\" data-e-type=\"widget\" data-widget_type=\"heading.default\">\n\t\t\t\t\t<h5 class=\"elementor-heading-title elementor-size-default\"><a href=\"https:\/\/rackusa.com\/es-mx\/soluciones-a-medida\/\">Sistemas de Racks a medida<\/a><\/h5>\t\t\t\t<\/div>\n\t\t\t\t<div class=\"elementor-element elementor-element-0957a7d elementor-widget elementor-widget-text-editor\" data-id=\"0957a7d\" data-element_type=\"widget\" data-e-type=\"widget\" data-widget_type=\"text-editor.default\">\n\t\t\t\t\t\t\t\t\t<p>Sistemas de racks especiales dise\u00f1ados y fabricados para satisfacer los requisitos exclusivos de cada cliente. Estos sistemas incluyen entreplantas, m\u00f3dulos de recogida, edificios soportados por estanter\u00edas y otras soluciones a medida, que ofrecen versatilidad y fiabilidad para diversas aplicaciones.<\/p><p><a href=\"https:\/\/rackusa.com\/es-mx\/soluciones-a-medida\/\" target=\"_blank\" rel=\"noopener\"><b>Ver m\u00e1s&#8230;<\/b><\/a><\/p>\t\t\t\t\t\t\t\t<\/div>\n\t\t\t\t<\/div>\n\t\t\t\t<\/div>\n\t\t\t\t<\/div>\n\t\t\t\t<\/div>\n\t\t\t\t\t<\/div>\n\t\t\t\t<\/div>\n\t\t<div class=\"elementor-element elementor-element-2b99d19 e-flex e-con-boxed e-con e-parent\" data-id=\"2b99d19\" data-element_type=\"container\" data-e-type=\"container\" data-settings=\"{&quot;jet_parallax_layout_list&quot;:[],&quot;background_background&quot;:&quot;classic&quot;}\">\n\t\t\t\t\t<div class=\"e-con-inner\">\n\t\t<div class=\"elementor-element elementor-element-9d13555 e-con-full e-flex e-con e-child\" data-id=\"9d13555\" data-element_type=\"container\" data-e-type=\"container\" data-settings=\"{&quot;background_background&quot;:&quot;classic&quot;,&quot;jet_parallax_layout_list&quot;:[]}\">\n\t\t\t\t<div class=\"elementor-element elementor-element-489aa1f elementor-widget elementor-widget-heading\" data-id=\"489aa1f\" data-element_type=\"widget\" data-e-type=\"widget\" data-widget_type=\"heading.default\">\n\t\t\t\t\t<h2 class=\"elementor-heading-title elementor-size-default\">G\u00f3ndolas y estanter\u00edas<\/h2>\t\t\t\t<\/div>\n\t\t\t\t<div class=\"elementor-element elementor-element-f08c7e4 elementor-widget elementor-widget-text-editor\" data-id=\"f08c7e4\" data-element_type=\"widget\" data-e-type=\"widget\" data-widget_type=\"text-editor.default\">\n\t\t\t\t\t\t\t\t\t<p><span style=\"font-weight: 400;\">Productos dise\u00f1ados para tiendas peque\u00f1as y medianas, trastiendas y almacenes.<\/span><\/p>\t\t\t\t\t\t\t\t<\/div>\n\t\t\t\t<div class=\"elementor-element elementor-element-1e03e8d forredbtn elementor-widget elementor-widget-button\" data-id=\"1e03e8d\" data-element_type=\"widget\" data-e-type=\"widget\" data-widget_type=\"button.default\">\n\t\t\t\t\t\t\t\t\t\t<a class=\"elementor-button elementor-button-link elementor-size-sm\" href=\"https:\/\/rackusa.com\/es-mx\/mobiliario-de-tienda\/\" target=\"_blank\">\n\t\t\t\t\t\t<span class=\"elementor-button-content-wrapper\">\n\t\t\t\t\t\t<span class=\"elementor-button-icon\">\n\t\t\t\t<i aria-hidden=\"true\" class=\" fas fa-arrow-right\"><\/i>\t\t\t<\/span>\n\t\t\t\t\t\t\t\t\t<span class=\"elementor-button-text\">VER M\u00c1S<\/span>\n\t\t\t\t\t<\/span>\n\t\t\t\t\t<\/a>\n\t\t\t\t\t\t\t\t<\/div>\n\t\t\t\t<\/div>\n\t\t\t\t\t<\/div>\n\t\t\t\t<\/div>\n\t\t\t\t<\/div>\n\t\t","protected":false},"excerpt":{"rendered":"<p>Soluciones de almacenaje Checa nuestros productos Rack selectivos rolados \/ estructurales Los sistemas de racks est\u00e1ndar son duraderos y vers\u00e1tiles, y est\u00e1n optimizados para el almacenamiento eficiente de cajas, contenedores y cargas en tarimas de 1 a 3 toneladas. Ideales para almacenes e instalaciones industriales, maximizan el espacio y facilitan el acceso a los art\u00edculos [&hellip;]<\/p>\n","protected":false},"author":16,"featured_media":0,"parent":0,"menu_order":0,"comment_status":"closed","ping_status":"closed","template":"elementor_header_footer","meta":{"_acf_changed":false,"editor_notices":[],"footnotes":""},"class_list":["post-10016","page","type-page","status-publish","hentry"],"acf":[],"_links":{"self":[{"href":"https:\/\/rackusa.com\/es-mx\/wp-json\/wp\/v2\/pages\/10016","targetHints":{"allow":["GET"]}}],"collection":[{"href":"https:\/\/rackusa.com\/es-mx\/wp-json\/wp\/v2\/pages"}],"about":[{"href":"https:\/\/rackusa.com\/es-mx\/wp-json\/wp\/v2\/types\/page"}],"author":[{"embeddable":true,"href":"https:\/\/rackusa.com\/es-mx\/wp-json\/wp\/v2\/users\/16"}],"replies":[{"embeddable":true,"href":"https:\/\/rackusa.com\/es-mx\/wp-json\/wp\/v2\/comments?post=10016"}],"version-history":[{"count":57,"href":"https:\/\/rackusa.com\/es-mx\/wp-json\/wp\/v2\/pages\/10016\/revisions"}],"predecessor-version":[{"id":15733,"href":"https:\/\/rackusa.com\/es-mx\/wp-json\/wp\/v2\/pages\/10016\/revisions\/15733"}],"wp:attachment":[{"href":"https:\/\/rackusa.com\/es-mx\/wp-json\/wp\/v2\/media?parent=10016"}],"curies":[{"name":"wp","href":"https:\/\/api.w.org\/{rel}","templated":true}]}}