{"id":10366,"date":"2025-03-25T15:19:26","date_gmt":"2025-03-25T21:19:26","guid":{"rendered":"https:\/\/rackusa.com\/es-mx\/guia-de-compra-de-estanterias\/"},"modified":"2025-09-03T16:23:57","modified_gmt":"2025-09-03T22:23:57","slug":"guia-de-compra-de-estanterias","status":"publish","type":"page","link":"https:\/\/rackusa.com\/es-mx\/guia-de-compra-de-estanterias\/","title":{"rendered":"Gu\u00eda de compra de racks"},"content":{"rendered":"\t\t<div data-elementor-type=\"wp-page\" data-elementor-id=\"10366\" class=\"elementor elementor-10366\" data-elementor-post-type=\"page\">\n\t\t\t\t<div class=\"elementor-element elementor-element-1a5143c e-flex e-con-boxed e-con e-parent\" data-id=\"1a5143c\" data-element_type=\"container\" data-e-type=\"container\" data-settings=\"{&quot;background_background&quot;:&quot;classic&quot;,&quot;jet_parallax_layout_list&quot;:[]}\">\n\t\t\t\t\t<div class=\"e-con-inner\">\n\t\t\t\t\t<\/div>\n\t\t\t\t<\/div>\n\t\t<div class=\"elementor-element elementor-element-9358618 e-flex e-con-boxed e-con e-parent\" data-id=\"9358618\" data-element_type=\"container\" data-e-type=\"container\" data-settings=\"{&quot;background_background&quot;:&quot;classic&quot;,&quot;jet_parallax_layout_list&quot;:[]}\">\n\t\t\t\t\t<div class=\"e-con-inner\">\n\t\t<div class=\"elementor-element elementor-element-2e2c4b3 e-con-full e-flex e-con e-child\" data-id=\"2e2c4b3\" data-element_type=\"container\" data-e-type=\"container\" data-settings=\"{&quot;jet_parallax_layout_list&quot;:[]}\">\n\t\t\t\t<div class=\"elementor-element elementor-element-c64396f elementor-widget elementor-widget-heading\" data-id=\"c64396f\" data-element_type=\"widget\" data-e-type=\"widget\" data-widget_type=\"heading.default\">\n\t\t\t\t\t<h2 class=\"elementor-heading-title elementor-size-default\">Descarga nuestra Gu\u00eda de compra de racks<\/h2>\t\t\t\t<\/div>\n\t\t\t\t<div class=\"elementor-element elementor-element-36a1c1b nomar elementor-widget elementor-widget-text-editor\" data-id=\"36a1c1b\" data-element_type=\"widget\" data-e-type=\"widget\" data-widget_type=\"text-editor.default\">\n\t\t\t\t\t\t\t\t\t<p>Obt\u00e9n acceso inmediato a la gu\u00eda definitiva sobre c\u00f3mo elegir tus racks.<\/p>\t\t\t\t\t\t\t\t<\/div>\n\t\t<div class=\"elementor-element elementor-element-c2640e3 e-con-full e-flex e-con e-child\" data-id=\"c2640e3\" data-element_type=\"container\" data-e-type=\"container\" data-settings=\"{&quot;jet_parallax_layout_list&quot;:[]}\">\n\t\t\t\t<div class=\"elementor-element elementor-element-02ec418 elementor-align-center redbluebtn elementor-widget elementor-widget-button\" data-id=\"02ec418\" data-element_type=\"widget\" data-e-type=\"widget\" data-widget_type=\"button.default\">\n\t\t\t\t\t\t\t\t\t\t<a class=\"elementor-button elementor-button-link elementor-size-sm\" href=\"https:\/\/rackusa.com\/es-mx\/wp-content\/uploads\/sites\/3\/2025\/06\/Rack-USA-Product-Catalog-ESPANOL-13-06-25.pdf\" target=\"_blank\">\n\t\t\t\t\t\t<span class=\"elementor-button-content-wrapper\">\n\t\t\t\t\t\t<span class=\"elementor-button-icon\">\n\t\t\t\t<i aria-hidden=\"true\" class=\" fas fa-arrow-right\"><\/i>\t\t\t<\/span>\n\t\t\t\t\t\t\t\t\t<span class=\"elementor-button-text\">Descarga<\/span>\n\t\t\t\t\t<\/span>\n\t\t\t\t\t<\/a>\n\t\t\t\t\t\t\t\t<\/div>\n\t\t\t\t<div class=\"elementor-element elementor-element-2095b7d blueredbtn elementor-widget elementor-widget-button\" data-id=\"2095b7d\" data-element_type=\"widget\" data-e-type=\"widget\" data-widget_type=\"button.default\">\n\t\t\t\t\t\t\t\t\t\t<a class=\"elementor-button elementor-button-link elementor-size-sm\" href=\"https:\/\/rackusa.com\/es-mx\/contacto\/\">\n\t\t\t\t\t\t<span class=\"elementor-button-content-wrapper\">\n\t\t\t\t\t\t<span class=\"elementor-button-icon\">\n\t\t\t\t<i aria-hidden=\"true\" class=\" fas fa-arrow-right\"><\/i>\t\t\t<\/span>\n\t\t\t\t\t\t\t\t\t<span class=\"elementor-button-text\">Contacta con nosotros<\/span>\n\t\t\t\t\t<\/span>\n\t\t\t\t\t<\/a>\n\t\t\t\t\t\t\t\t<\/div>\n\t\t\t\t<\/div>\n\t\t\t\t<\/div>\n\t\t<div class=\"elementor-element elementor-element-7d70b9e e-con-full e-flex e-con e-child\" data-id=\"7d70b9e\" data-element_type=\"container\" data-e-type=\"container\" data-settings=\"{&quot;jet_parallax_layout_list&quot;:[]}\">\n\t\t\t\t<div class=\"elementor-element elementor-element-ef567de elementor-widget elementor-widget-image\" data-id=\"ef567de\" data-element_type=\"widget\" data-e-type=\"widget\" data-widget_type=\"image.default\">\n\t\t\t\t\t\t\t\t\t\t\t\t\t\t\t<img fetchpriority=\"high\" decoding=\"async\" width=\"1280\" height=\"886\" src=\"https:\/\/rackusa.com\/es-mx\/wp-content\/uploads\/sites\/3\/2025\/06\/ea5202f2-50d4-48ff-8b56-aeae64a0f055.jpeg\" class=\"attachment-full size-full wp-image-12089\" alt=\"\" srcset=\"https:\/\/rackusa.com\/es-mx\/wp-content\/uploads\/sites\/3\/2025\/06\/ea5202f2-50d4-48ff-8b56-aeae64a0f055.jpeg 1280w, https:\/\/rackusa.com\/es-mx\/wp-content\/uploads\/sites\/3\/2025\/06\/ea5202f2-50d4-48ff-8b56-aeae64a0f055-300x208.jpeg 300w, https:\/\/rackusa.com\/es-mx\/wp-content\/uploads\/sites\/3\/2025\/06\/ea5202f2-50d4-48ff-8b56-aeae64a0f055-1024x709.jpeg 1024w, https:\/\/rackusa.com\/es-mx\/wp-content\/uploads\/sites\/3\/2025\/06\/ea5202f2-50d4-48ff-8b56-aeae64a0f055-768x532.jpeg 768w, https:\/\/rackusa.com\/es-mx\/wp-content\/uploads\/sites\/3\/2025\/06\/ea5202f2-50d4-48ff-8b56-aeae64a0f055-600x415.jpeg 600w\" sizes=\"(max-width: 1280px) 100vw, 1280px\" \/>\t\t\t\t\t\t\t\t\t\t\t\t\t\t\t<\/div>\n\t\t\t\t<\/div>\n\t\t\t\t\t<\/div>\n\t\t\t\t<\/div>\n\t\t<div class=\"elementor-element elementor-element-22b78a9 e-flex e-con-boxed e-con e-parent\" data-id=\"22b78a9\" data-element_type=\"container\" data-e-type=\"container\" data-settings=\"{&quot;jet_parallax_layout_list&quot;:[]}\">\n\t\t\t\t\t<div class=\"e-con-inner\">\n\t\t<div class=\"elementor-element elementor-element-122f339 e-con-full e-flex e-con e-child\" data-id=\"122f339\" data-element_type=\"container\" data-e-type=\"container\" data-settings=\"{&quot;background_background&quot;:&quot;classic&quot;,&quot;jet_parallax_layout_list&quot;:[]}\">\n\t\t\t\t<div class=\"elementor-element elementor-element-b923d31 elementor-widget elementor-widget-heading\" data-id=\"b923d31\" data-element_type=\"widget\" data-e-type=\"widget\" data-widget_type=\"heading.default\">\n\t\t\t\t\t<h2 class=\"elementor-heading-title elementor-size-default\">Store fixtures y estanter\u00edas para tiendas<\/h2>\t\t\t\t<\/div>\n\t\t\t\t<div class=\"elementor-element elementor-element-55d157f nomar elementor-widget elementor-widget-text-editor\" data-id=\"55d157f\" data-element_type=\"widget\" data-e-type=\"widget\" data-widget_type=\"text-editor.default\">\n\t\t\t\t\t\t\t\t\tNuestra nueva l\u00ednea para peque\u00f1as y medianas tiendas y almacenes\t\t\t\t\t\t\t\t<\/div>\n\t\t\t\t<div class=\"elementor-element elementor-element-a6f2d40 forredbtn elementor-widget elementor-widget-button\" data-id=\"a6f2d40\" data-element_type=\"widget\" data-e-type=\"widget\" data-widget_type=\"button.default\">\n\t\t\t\t\t\t\t\t\t\t<a class=\"elementor-button elementor-button-link elementor-size-sm\" href=\"https:\/\/rackusa.com\/es-mx\/contacto\/\">\n\t\t\t\t\t\t<span class=\"elementor-button-content-wrapper\">\n\t\t\t\t\t\t<span class=\"elementor-button-icon\">\n\t\t\t\t<i aria-hidden=\"true\" class=\" fas fa-arrow-right\"><\/i>\t\t\t<\/span>\n\t\t\t\t\t\t\t\t\t<span class=\"elementor-button-text\">Pedir presupuesto<\/span>\n\t\t\t\t\t<\/span>\n\t\t\t\t\t<\/a>\n\t\t\t\t\t\t\t\t<\/div>\n\t\t\t\t<\/div>\n\t\t\t\t\t<\/div>\n\t\t\t\t<\/div>\n\t\t\t\t<\/div>\n\t\t","protected":false},"excerpt":{"rendered":"<p>Descarga nuestra Gu\u00eda de compra de racks Obt\u00e9n acceso inmediato a la gu\u00eda definitiva sobre c\u00f3mo elegir tus racks. Descarga Contacta con nosotros Store fixtures y estanter\u00edas para tiendas Nuestra nueva l\u00ednea para peque\u00f1as y medianas tiendas y almacenes Pedir presupuesto<\/p>\n","protected":false},"author":25,"featured_media":0,"parent":0,"menu_order":0,"comment_status":"closed","ping_status":"closed","template":"elementor_header_footer","meta":{"_acf_changed":false,"editor_notices":[],"footnotes":""},"class_list":["post-10366","page","type-page","status-publish","hentry"],"acf":[],"_links":{"self":[{"href":"https:\/\/rackusa.com\/es-mx\/wp-json\/wp\/v2\/pages\/10366","targetHints":{"allow":["GET"]}}],"collection":[{"href":"https:\/\/rackusa.com\/es-mx\/wp-json\/wp\/v2\/pages"}],"about":[{"href":"https:\/\/rackusa.com\/es-mx\/wp-json\/wp\/v2\/types\/page"}],"author":[{"embeddable":true,"href":"https:\/\/rackusa.com\/es-mx\/wp-json\/wp\/v2\/users\/25"}],"replies":[{"embeddable":true,"href":"https:\/\/rackusa.com\/es-mx\/wp-json\/wp\/v2\/comments?post=10366"}],"version-history":[{"count":5,"href":"https:\/\/rackusa.com\/es-mx\/wp-json\/wp\/v2\/pages\/10366\/revisions"}],"predecessor-version":[{"id":13456,"href":"https:\/\/rackusa.com\/es-mx\/wp-json\/wp\/v2\/pages\/10366\/revisions\/13456"}],"wp:attachment":[{"href":"https:\/\/rackusa.com\/es-mx\/wp-json\/wp\/v2\/media?parent=10366"}],"curies":[{"name":"wp","href":"https:\/\/api.w.org\/{rel}","templated":true}]}}