{"id":10682,"date":"2025-04-08T09:31:17","date_gmt":"2025-04-08T15:31:17","guid":{"rendered":"https:\/\/rackusa.com\/es-mx\/soluciones-dinamicas\/"},"modified":"2026-04-08T09:35:02","modified_gmt":"2026-04-08T15:35:02","slug":"rack-dinamico","status":"publish","type":"page","link":"https:\/\/rackusa.com\/es-mx\/rack-dinamico\/","title":{"rendered":"Soluciones din\u00e1micas"},"content":{"rendered":"\t\t<div data-elementor-type=\"wp-page\" data-elementor-id=\"10682\" class=\"elementor elementor-10682\" data-elementor-post-type=\"page\">\n\t\t\t\t<div class=\"elementor-element elementor-element-bce6558 e-flex e-con-boxed e-con e-parent\" data-id=\"bce6558\" data-element_type=\"container\" data-e-type=\"container\" data-settings=\"{&quot;background_background&quot;:&quot;classic&quot;,&quot;jet_parallax_layout_list&quot;:[]}\">\n\t\t\t\t\t<div class=\"e-con-inner\">\n\t\t\t\t<div class=\"elementor-element elementor-element-6ecd6d4 elementor-widget__width-initial nomar elementor-widget elementor-widget-text-editor\" data-id=\"6ecd6d4\" data-element_type=\"widget\" data-e-type=\"widget\" data-widget_type=\"text-editor.default\">\n\t\t\t\t\t\t\t\t\t<p>En el mundo de la log\u00edstica y los sistemas de almacenamiento, la eficiencia es clave para garantizar el buen funcionamiento de cualquier almac\u00e9n. En RackUSA, ofrecemos una soluci\u00f3n avanzada: los racks din\u00e1micos. Estos innovadores sistemas estan dise\u00f1ados para mejorar la rotaci\u00f3n del inventario, optimizar el espacio disponible y garantizar un funcionamiento m\u00e1s fluido y r\u00e1pido.<\/p>\t\t\t\t\t\t\t\t<\/div>\n\t\t\t\t<div class=\"elementor-element elementor-element-39396c4 redbtn elementor-widget elementor-widget-button\" data-id=\"39396c4\" data-element_type=\"widget\" data-e-type=\"widget\" data-widget_type=\"button.default\">\n\t\t\t\t\t\t\t\t\t\t<a class=\"elementor-button elementor-button-link elementor-size-sm\" href=\"https:\/\/rackusa.com\/es-mx\/contacto\/\" target=\"_blank\">\n\t\t\t\t\t\t<span class=\"elementor-button-content-wrapper\">\n\t\t\t\t\t\t<span class=\"elementor-button-icon\">\n\t\t\t\t<i aria-hidden=\"true\" class=\" fas fa-arrow-right\"><\/i>\t\t\t<\/span>\n\t\t\t\t\t\t\t\t\t<span class=\"elementor-button-text\">Pedir presupuesto<\/span>\n\t\t\t\t\t<\/span>\n\t\t\t\t\t<\/a>\n\t\t\t\t\t\t\t\t<\/div>\n\t\t\t\t\t<\/div>\n\t\t\t\t<\/div>\n\t\t<div class=\"elementor-element elementor-element-1b04a99 e-flex e-con-boxed e-con e-parent\" data-id=\"1b04a99\" data-element_type=\"container\" data-e-type=\"container\" data-settings=\"{&quot;background_background&quot;:&quot;classic&quot;,&quot;jet_parallax_layout_list&quot;:[]}\">\n\t\t\t\t\t<div class=\"e-con-inner\">\n\t\t<div class=\"elementor-element elementor-element-bfd9ef7 e-con-full e-flex e-con e-child\" data-id=\"bfd9ef7\" data-element_type=\"container\" data-e-type=\"container\" data-settings=\"{&quot;jet_parallax_layout_list&quot;:[]}\">\n\t\t\t\t<div class=\"elementor-element elementor-element-bb23fe6 elementor-widget elementor-widget-heading\" data-id=\"bb23fe6\" data-element_type=\"widget\" data-e-type=\"widget\" data-widget_type=\"heading.default\">\n\t\t\t\t\t<h2 class=\"elementor-heading-title elementor-size-default\">Nuestras soluciones din\u00e1micas<\/h2>\t\t\t\t<\/div>\n\t\t\t\t<div class=\"elementor-element elementor-element-b57d080 nomar elementor-widget elementor-widget-text-editor\" data-id=\"b57d080\" data-element_type=\"widget\" data-e-type=\"widget\" data-widget_type=\"text-editor.default\">\n\t\t\t\t\t\t\t\t\t<p>Los sistemas de racks din\u00e1micos utilizan la gravedad para transportar sin problemas los productos desde los puntos de carga hasta los de picking. A diferencia de los racks selectivos, su dise\u00f1o inclinado permite que las tarimas y las cajas se deslicen hasta las ubicaciones de picking sin manipulaci\u00f3n manual. Al minimizar las interrupciones del flujo de trabajo, garantizan una rotaci\u00f3n eficaz de los productos, ideal para gestionar inventarios perecederos o de alta rotaci\u00f3n. Estos sistemas mejoran el control del inventario al tiempo que optimizan el espacio y el tiempo, por lo que son perfectos para cargas ligeras y diversos tipos de productos.<\/p>\t\t\t\t\t\t\t\t<\/div>\n\t\t<div class=\"elementor-element elementor-element-97db109 e-con-full e-flex e-con e-child\" data-id=\"97db109\" data-element_type=\"container\" data-e-type=\"container\" data-settings=\"{&quot;jet_parallax_layout_list&quot;:[]}\">\n\t\t\t\t<div class=\"elementor-element elementor-element-8f3408e elementor-align-center redbluebtn elementor-widget elementor-widget-button\" data-id=\"8f3408e\" data-element_type=\"widget\" data-e-type=\"widget\" data-widget_type=\"button.default\">\n\t\t\t\t\t\t\t\t\t\t<a class=\"elementor-button elementor-button-link elementor-size-sm\" href=\"https:\/\/rackusa.com\/es-mx\/wp-content\/uploads\/sites\/3\/2025\/05\/Rack-USA-Product-Catalog-ESPANOL_compressed-17-04-25.pdf\" target=\"_blank\">\n\t\t\t\t\t\t<span class=\"elementor-button-content-wrapper\">\n\t\t\t\t\t\t<span class=\"elementor-button-icon\">\n\t\t\t\t<i aria-hidden=\"true\" class=\" fas fa-arrow-right\"><\/i>\t\t\t<\/span>\n\t\t\t\t\t\t\t\t\t<span class=\"elementor-button-text\">Descargar Cat\u00e1logo<\/span>\n\t\t\t\t\t<\/span>\n\t\t\t\t\t<\/a>\n\t\t\t\t\t\t\t\t<\/div>\n\t\t\t\t<\/div>\n\t\t\t\t<\/div>\n\t\t<div class=\"elementor-element elementor-element-59a84c8 e-con-full e-flex e-con e-child\" data-id=\"59a84c8\" data-element_type=\"container\" data-e-type=\"container\" data-settings=\"{&quot;jet_parallax_layout_list&quot;:[]}\">\n\t\t\t\t<div class=\"elementor-element elementor-element-bde1c0d elementor-widget elementor-widget-image\" data-id=\"bde1c0d\" data-element_type=\"widget\" data-e-type=\"widget\" data-widget_type=\"image.default\">\n\t\t\t\t\t\t\t\t\t\t\t\t\t\t\t<img fetchpriority=\"high\" decoding=\"async\" width=\"1920\" height=\"2560\" src=\"https:\/\/rackusa.com\/es-mx\/wp-content\/uploads\/sites\/3\/2025\/05\/bd7ded79a4f435b8c9d500dca40e37ec-scaled.jpg\" class=\"attachment-full size-full wp-image-9643\" alt=\"Venta de racks din\u00e1micos\" srcset=\"https:\/\/rackusa.com\/es-mx\/wp-content\/uploads\/sites\/3\/2025\/05\/bd7ded79a4f435b8c9d500dca40e37ec-scaled.jpg 1920w, https:\/\/rackusa.com\/es-mx\/wp-content\/uploads\/sites\/3\/2025\/05\/bd7ded79a4f435b8c9d500dca40e37ec-225x300.jpg 225w, https:\/\/rackusa.com\/es-mx\/wp-content\/uploads\/sites\/3\/2025\/05\/bd7ded79a4f435b8c9d500dca40e37ec-768x1024.jpg 768w, https:\/\/rackusa.com\/es-mx\/wp-content\/uploads\/sites\/3\/2025\/05\/bd7ded79a4f435b8c9d500dca40e37ec-1152x1536.jpg 1152w, https:\/\/rackusa.com\/es-mx\/wp-content\/uploads\/sites\/3\/2025\/05\/bd7ded79a4f435b8c9d500dca40e37ec-1536x2048.jpg 1536w, https:\/\/rackusa.com\/es-mx\/wp-content\/uploads\/sites\/3\/2025\/05\/bd7ded79a4f435b8c9d500dca40e37ec-600x800.jpg 600w\" sizes=\"(max-width: 1920px) 100vw, 1920px\" \/>\t\t\t\t\t\t\t\t\t\t\t\t\t\t\t<\/div>\n\t\t\t\t<\/div>\n\t\t\t\t\t<\/div>\n\t\t\t\t<\/div>\n\t\t<div class=\"elementor-element elementor-element-a63e402 e-flex e-con-boxed e-con e-parent\" data-id=\"a63e402\" data-element_type=\"container\" data-e-type=\"container\" data-settings=\"{&quot;background_background&quot;:&quot;classic&quot;,&quot;jet_parallax_layout_list&quot;:[]}\">\n\t\t\t\t\t<div class=\"e-con-inner\">\n\t\t<div class=\"elementor-element elementor-element-15f416b e-con-full e-flex e-con e-child\" data-id=\"15f416b\" data-element_type=\"container\" data-e-type=\"container\" data-settings=\"{&quot;jet_parallax_layout_list&quot;:[]}\">\n\t\t\t\t<div class=\"elementor-element elementor-element-ae9e497 elementor-widget__width-initial elementor-widget elementor-widget-heading\" data-id=\"ae9e497\" data-element_type=\"widget\" data-e-type=\"widget\" data-widget_type=\"heading.default\">\n\t\t\t\t\t<h2 class=\"elementor-heading-title elementor-size-default\">Nuestras soluciones din\u00e1micas<\/h2>\t\t\t\t<\/div>\n\t\t\t\t<\/div>\n\t\t<div class=\"elementor-element elementor-element-4d8582f e-con-full e-flex e-con e-child\" data-id=\"4d8582f\" data-element_type=\"container\" data-e-type=\"container\" data-settings=\"{&quot;background_background&quot;:&quot;classic&quot;,&quot;jet_parallax_layout_list&quot;:[]}\">\n\t\t\t\t<div class=\"elementor-element elementor-element-881b04e elementor-widget elementor-widget-image\" data-id=\"881b04e\" data-element_type=\"widget\" data-e-type=\"widget\" data-widget_type=\"image.default\">\n\t\t\t\t\t\t\t\t\t\t\t\t\t\t\t<img decoding=\"async\" src=\"https:\/\/rackusa.com\/es-mx\/wp-content\/uploads\/sites\/3\/elementor\/thumbs\/1-rk148sx1o7wdkd1qxjzvlt5ok0enbx0xbga2vv2z6c.png\" title=\"1-carton-flow\" alt=\"Carton Flow Racks in action\" loading=\"lazy\" \/>\t\t\t\t\t\t\t\t\t\t\t\t\t\t\t<\/div>\n\t\t\t\t<div class=\"elementor-element elementor-element-aaf2df9 elementor-widget elementor-widget-text-editor\" data-id=\"aaf2df9\" data-element_type=\"widget\" data-e-type=\"widget\" data-widget_type=\"text-editor.default\">\n\t\t\t\t\t\t\t\t\t<p>CARGAS LIGERAS<\/p>\t\t\t\t\t\t\t\t<\/div>\n\t\t\t\t<div class=\"elementor-element elementor-element-613c047 elementor-widget elementor-widget-heading\" data-id=\"613c047\" data-element_type=\"widget\" data-e-type=\"widget\" data-widget_type=\"heading.default\">\n\t\t\t\t\t<h2 class=\"elementor-heading-title elementor-size-default\">Carton-Flow<\/h2>\t\t\t\t<\/div>\n\t\t\t\t<div class=\"elementor-element elementor-element-6262295 elementor-widget elementor-widget-text-editor\" data-id=\"6262295\" data-element_type=\"widget\" data-e-type=\"widget\" data-widget_type=\"text-editor.default\">\n\t\t\t\t\t\t\t\t\t<p>Sistema FIFO por gravedad para picking de cajas. Traslada las unidades desde la zona de carga hasta el punto de recogida de forma autom\u00e1tica, reduciendo desplazamientos y fatiga operativa.<\/p>\t\t\t\t\t\t\t\t<\/div>\n\t\t<div class=\"elementor-element elementor-element-9f95d04 e-con-full e-flex e-con e-child\" data-id=\"9f95d04\" data-element_type=\"container\" data-e-type=\"container\" data-settings=\"{&quot;jet_parallax_layout_list&quot;:[]}\">\n\t\t\t\t<div class=\"elementor-element elementor-element-2f40f10 elementor-widget elementor-widget-html\" data-id=\"2f40f10\" data-element_type=\"widget\" data-e-type=\"widget\" data-widget_type=\"html.default\">\n\t\t\t\t\t<p style=\"font-size:12px; color:#6b6b6b; margin: 0 0 16px; letter-spacing:0.01em;\">\n  Principio FIFO &middot; Picking din\u00e1mico &middot; Rodillos por gravedad\n<\/p>\t\t\t\t<\/div>\n\t\t\t\t<div class=\"elementor-element elementor-element-8cea107 elementor-widget-divider--view-line elementor-widget elementor-widget-divider\" data-id=\"8cea107\" data-element_type=\"widget\" data-e-type=\"widget\" data-widget_type=\"divider.default\">\n\t\t\t\t\t\t\t<div class=\"elementor-divider\">\n\t\t\t<span class=\"elementor-divider-separator\">\n\t\t\t\t\t\t<\/span>\n\t\t<\/div>\n\t\t\t\t\t\t<\/div>\n\t\t\t\t<div class=\"elementor-element elementor-element-cfe1d8e elementor-align-justify elementor-widget elementor-widget-button\" data-id=\"cfe1d8e\" data-element_type=\"widget\" data-e-type=\"widget\" data-widget_type=\"button.default\">\n\t\t\t\t\t\t\t\t\t\t<a class=\"elementor-button elementor-button-link elementor-size-sm\" href=\"https:\/\/rackusa.com\/es-mx\/rack-carton-flow\/\">\n\t\t\t\t\t\t<span class=\"elementor-button-content-wrapper\">\n\t\t\t\t\t\t<span class=\"elementor-button-icon\">\n\t\t\t\t<svg aria-hidden=\"true\" class=\"e-font-icon-svg e-fas-arrow-right\" viewBox=\"0 0 448 512\" xmlns=\"http:\/\/www.w3.org\/2000\/svg\"><path d=\"M190.5 66.9l22.2-22.2c9.4-9.4 24.6-9.4 33.9 0L441 239c9.4 9.4 9.4 24.6 0 33.9L246.6 467.3c-9.4 9.4-24.6 9.4-33.9 0l-22.2-22.2c-9.5-9.5-9.3-25 .4-34.3L311.4 296H24c-13.3 0-24-10.7-24-24v-32c0-13.3 10.7-24 24-24h287.4L190.9 101.2c-9.8-9.3-10-24.8-.4-34.3z\"><\/path><\/svg>\t\t\t<\/span>\n\t\t\t\t\t\t\t\t\t<span class=\"elementor-button-text\">Ver Carton-flow<\/span>\n\t\t\t\t\t<\/span>\n\t\t\t\t\t<\/a>\n\t\t\t\t\t\t\t\t<\/div>\n\t\t\t\t<\/div>\n\t\t\t\t<\/div>\n\t\t<div class=\"elementor-element elementor-element-9e688ab e-con-full e-flex e-con e-child\" data-id=\"9e688ab\" data-element_type=\"container\" data-e-type=\"container\" data-settings=\"{&quot;background_background&quot;:&quot;classic&quot;,&quot;jet_parallax_layout_list&quot;:[]}\">\n\t\t\t\t<div class=\"elementor-element elementor-element-eb659e0 elementor-widget elementor-widget-image\" data-id=\"eb659e0\" data-element_type=\"widget\" data-e-type=\"widget\" data-widget_type=\"image.default\">\n\t\t\t\t\t\t\t\t\t\t\t\t\t\t\t<img decoding=\"async\" src=\"https:\/\/rackusa.com\/es-mx\/wp-content\/uploads\/sites\/3\/elementor\/thumbs\/rack-push-back-rlpmbdrty62kbdb27yjuc68ovsn3ybl93sbl5uxnys.jpg\" title=\"rack-push-back\" alt=\"rack-push-back\" loading=\"lazy\" \/>\t\t\t\t\t\t\t\t\t\t\t\t\t\t\t<\/div>\n\t\t\t\t<div class=\"elementor-element elementor-element-1a081da elementor-widget elementor-widget-text-editor\" data-id=\"1a081da\" data-element_type=\"widget\" data-e-type=\"widget\" data-widget_type=\"text-editor.default\">\n\t\t\t\t\t\t\t\t\t<p>Alta densidad<\/p>\t\t\t\t\t\t\t\t<\/div>\n\t\t\t\t<div class=\"elementor-element elementor-element-364f31d elementor-widget elementor-widget-heading\" data-id=\"364f31d\" data-element_type=\"widget\" data-e-type=\"widget\" data-widget_type=\"heading.default\">\n\t\t\t\t\t<h2 class=\"elementor-heading-title elementor-size-default\">Push-back<\/h2>\t\t\t\t<\/div>\n\t\t\t\t<div class=\"elementor-element elementor-element-e5305d4 elementor-widget elementor-widget-text-editor\" data-id=\"e5305d4\" data-element_type=\"widget\" data-e-type=\"widget\" data-widget_type=\"text-editor.default\">\n\t\t\t\t\t\t\t\t\t<p>Racks de empuje que permiten almacenar de 2 a 6 paletas en profundidad con un solo pasillo. M\u00e1xima densidad sin sacrificar la accesibilidad por referencia.<\/p>\t\t\t\t\t\t\t\t<\/div>\n\t\t<div class=\"elementor-element elementor-element-e4cf466 e-con-full e-flex e-con e-child\" data-id=\"e4cf466\" data-element_type=\"container\" data-e-type=\"container\" data-settings=\"{&quot;jet_parallax_layout_list&quot;:[]}\">\n\t\t\t\t<div class=\"elementor-element elementor-element-55e3dd4 elementor-widget elementor-widget-html\" data-id=\"55e3dd4\" data-element_type=\"widget\" data-e-type=\"widget\" data-widget_type=\"html.default\">\n\t\t\t\t\t<p style=\"font-size:12px; color:#6b6b6b; margin: 0 0 16px; letter-spacing:0.01em;\">\n  Principio LIFO &middot; 2 \u2013 6 paletas de fondo &middot; Un pasillo por cara\n<\/p>\t\t\t\t<\/div>\n\t\t\t\t<div class=\"elementor-element elementor-element-1308241 elementor-widget-divider--view-line elementor-widget elementor-widget-divider\" data-id=\"1308241\" data-element_type=\"widget\" data-e-type=\"widget\" data-widget_type=\"divider.default\">\n\t\t\t\t\t\t\t<div class=\"elementor-divider\">\n\t\t\t<span class=\"elementor-divider-separator\">\n\t\t\t\t\t\t<\/span>\n\t\t<\/div>\n\t\t\t\t\t\t<\/div>\n\t\t\t\t<div class=\"elementor-element elementor-element-1a38726 elementor-align-justify elementor-widget elementor-widget-button\" data-id=\"1a38726\" data-element_type=\"widget\" data-e-type=\"widget\" data-widget_type=\"button.default\">\n\t\t\t\t\t\t\t\t\t\t<a class=\"elementor-button elementor-button-link elementor-size-sm\" href=\"https:\/\/rackusa.com\/es-mx\/rack-push-back\/\">\n\t\t\t\t\t\t<span class=\"elementor-button-content-wrapper\">\n\t\t\t\t\t\t<span class=\"elementor-button-icon\">\n\t\t\t\t<svg aria-hidden=\"true\" class=\"e-font-icon-svg e-fas-arrow-right\" viewBox=\"0 0 448 512\" xmlns=\"http:\/\/www.w3.org\/2000\/svg\"><path d=\"M190.5 66.9l22.2-22.2c9.4-9.4 24.6-9.4 33.9 0L441 239c9.4 9.4 9.4 24.6 0 33.9L246.6 467.3c-9.4 9.4-24.6 9.4-33.9 0l-22.2-22.2c-9.5-9.5-9.3-25 .4-34.3L311.4 296H24c-13.3 0-24-10.7-24-24v-32c0-13.3 10.7-24 24-24h287.4L190.9 101.2c-9.8-9.3-10-24.8-.4-34.3z\"><\/path><\/svg>\t\t\t<\/span>\n\t\t\t\t\t\t\t\t\t<span class=\"elementor-button-text\">Ver Push Back<\/span>\n\t\t\t\t\t<\/span>\n\t\t\t\t\t<\/a>\n\t\t\t\t\t\t\t\t<\/div>\n\t\t\t\t<\/div>\n\t\t\t\t<\/div>\n\t\t<div class=\"elementor-element elementor-element-131af4e e-con-full e-flex e-con e-child\" data-id=\"131af4e\" data-element_type=\"container\" data-e-type=\"container\" data-settings=\"{&quot;background_background&quot;:&quot;classic&quot;,&quot;jet_parallax_layout_list&quot;:[]}\">\n\t\t\t\t<div class=\"elementor-element elementor-element-3a38cf4 elementor-widget elementor-widget-image\" data-id=\"3a38cf4\" data-element_type=\"widget\" data-e-type=\"widget\" data-widget_type=\"image.default\">\n\t\t\t\t\t\t\t\t\t\t\t\t\t\t\t<img decoding=\"async\" src=\"https:\/\/rackusa.com\/es-mx\/wp-content\/uploads\/sites\/3\/elementor\/thumbs\/PALLET-FLOW-3-rjz9e0846v6bov1zxpcnnnn6v57b4b7i2wvaepnxck.png\" title=\"PALLET FLOW 3\" alt=\"PALLET FLOW 3\" loading=\"lazy\" \/>\t\t\t\t\t\t\t\t\t\t\t\t\t\t\t<\/div>\n\t\t\t\t<div class=\"elementor-element elementor-element-8e1940d elementor-widget elementor-widget-text-editor\" data-id=\"8e1940d\" data-element_type=\"widget\" data-e-type=\"widget\" data-widget_type=\"text-editor.default\">\n\t\t\t\t\t\t\t\t\t<p>Paletas completas<\/p>\t\t\t\t\t\t\t\t<\/div>\n\t\t\t\t<div class=\"elementor-element elementor-element-63857d2 elementor-widget elementor-widget-heading\" data-id=\"63857d2\" data-element_type=\"widget\" data-e-type=\"widget\" data-widget_type=\"heading.default\">\n\t\t\t\t\t<h2 class=\"elementor-heading-title elementor-size-default\">Pallet Flow<\/h2>\t\t\t\t<\/div>\n\t\t\t\t<div class=\"elementor-element elementor-element-407c674 elementor-widget elementor-widget-text-editor\" data-id=\"407c674\" data-element_type=\"widget\" data-e-type=\"widget\" data-widget_type=\"text-editor.default\">\n\t\t\t\t\t\t\t\t\t<p>Sistema de flujo por gravedad para paletas completas. Ideal para productos con alta rotaci\u00f3n y gesti\u00f3n FIFO estricta en industrias de alimentaci\u00f3n, farmac\u00e9utica y log\u00edstica.<\/p>\t\t\t\t\t\t\t\t<\/div>\n\t\t<div class=\"elementor-element elementor-element-ee2b3dd e-con-full e-flex e-con e-child\" data-id=\"ee2b3dd\" data-element_type=\"container\" data-e-type=\"container\" data-settings=\"{&quot;jet_parallax_layout_list&quot;:[]}\">\n\t\t\t\t<div class=\"elementor-element elementor-element-5eac33d elementor-widget elementor-widget-html\" data-id=\"5eac33d\" data-element_type=\"widget\" data-e-type=\"widget\" data-widget_type=\"html.default\">\n\t\t\t\t\t<p style=\"font-size:12px; color:#6b6b6b; margin: 0 0 16px; letter-spacing:0.01em;\">\n  FIFO autom\u00e1tico &middot; Paletas completas &middot; Gran profundidad\n<\/p>\t\t\t\t<\/div>\n\t\t\t\t<div class=\"elementor-element elementor-element-c7656c3 elementor-widget-divider--view-line elementor-widget elementor-widget-divider\" data-id=\"c7656c3\" data-element_type=\"widget\" data-e-type=\"widget\" data-widget_type=\"divider.default\">\n\t\t\t\t\t\t\t<div class=\"elementor-divider\">\n\t\t\t<span class=\"elementor-divider-separator\">\n\t\t\t\t\t\t<\/span>\n\t\t<\/div>\n\t\t\t\t\t\t<\/div>\n\t\t\t\t<div class=\"elementor-element elementor-element-a439ed8 elementor-align-justify elementor-widget elementor-widget-button\" data-id=\"a439ed8\" data-element_type=\"widget\" data-e-type=\"widget\" data-widget_type=\"button.default\">\n\t\t\t\t\t\t\t\t\t\t<a class=\"elementor-button elementor-button-link elementor-size-sm\" href=\"https:\/\/rackusa.com\/es-mx\/pallet-flow\/\">\n\t\t\t\t\t\t<span class=\"elementor-button-content-wrapper\">\n\t\t\t\t\t\t<span class=\"elementor-button-icon\">\n\t\t\t\t<svg aria-hidden=\"true\" class=\"e-font-icon-svg e-fas-arrow-right\" viewBox=\"0 0 448 512\" xmlns=\"http:\/\/www.w3.org\/2000\/svg\"><path d=\"M190.5 66.9l22.2-22.2c9.4-9.4 24.6-9.4 33.9 0L441 239c9.4 9.4 9.4 24.6 0 33.9L246.6 467.3c-9.4 9.4-24.6 9.4-33.9 0l-22.2-22.2c-9.5-9.5-9.3-25 .4-34.3L311.4 296H24c-13.3 0-24-10.7-24-24v-32c0-13.3 10.7-24 24-24h287.4L190.9 101.2c-9.8-9.3-10-24.8-.4-34.3z\"><\/path><\/svg>\t\t\t<\/span>\n\t\t\t\t\t\t\t\t\t<span class=\"elementor-button-text\">Ver Pallet Flow<\/span>\n\t\t\t\t\t<\/span>\n\t\t\t\t\t<\/a>\n\t\t\t\t\t\t\t\t<\/div>\n\t\t\t\t<\/div>\n\t\t\t\t<\/div>\n\t\t\t\t\t<\/div>\n\t\t\t\t<\/div>\n\t\t<div class=\"elementor-element elementor-element-f2caa0d e-flex e-con-boxed e-con e-parent\" data-id=\"f2caa0d\" data-element_type=\"container\" data-e-type=\"container\" data-settings=\"{&quot;jet_parallax_layout_list&quot;:[]}\">\n\t\t\t\t\t<div class=\"e-con-inner\">\n\t\t<div class=\"elementor-element elementor-element-0dc5adf e-con-full e-flex e-con e-child\" data-id=\"0dc5adf\" data-element_type=\"container\" data-e-type=\"container\" data-settings=\"{&quot;jet_parallax_layout_list&quot;:[],&quot;background_background&quot;:&quot;classic&quot;}\">\n\t\t<div class=\"elementor-element elementor-element-1821342 e-con-full e-flex e-con e-child\" data-id=\"1821342\" data-element_type=\"container\" data-e-type=\"container\" data-settings=\"{&quot;jet_parallax_layout_list&quot;:[]}\">\n\t\t\t\t<div class=\"elementor-element elementor-element-4476e1a elementor-widget elementor-widget-heading\" data-id=\"4476e1a\" data-element_type=\"widget\" data-e-type=\"widget\" data-widget_type=\"heading.default\">\n\t\t\t\t\t<h2 class=\"elementor-heading-title elementor-size-default\">\u00bfTodav\u00eda tienes preguntas?<\/h2>\t\t\t\t<\/div>\n\t\t\t\t<div class=\"elementor-element elementor-element-ad0b16f elementor-align-center redbluebtn elementor-widget elementor-widget-button\" data-id=\"ad0b16f\" data-element_type=\"widget\" data-e-type=\"widget\" data-widget_type=\"button.default\">\n\t\t\t\t\t\t\t\t\t\t<a class=\"elementor-button elementor-button-link elementor-size-sm\" href=\"https:\/\/rackusa.com\/es-mx\/contacto\/\">\n\t\t\t\t\t\t<span class=\"elementor-button-content-wrapper\">\n\t\t\t\t\t\t<span class=\"elementor-button-icon\">\n\t\t\t\t<i aria-hidden=\"true\" class=\" fas fa-arrow-right\"><\/i>\t\t\t<\/span>\n\t\t\t\t\t\t\t\t\t<span class=\"elementor-button-text\">Contacta con nosotros<\/span>\n\t\t\t\t\t<\/span>\n\t\t\t\t\t<\/a>\n\t\t\t\t\t\t\t\t<\/div>\n\t\t\t\t<\/div>\n\t\t\t\t<\/div>\n\t\t\t\t\t<\/div>\n\t\t\t\t<\/div>\n\t\t\t\t<\/div>\n\t\t","protected":false},"excerpt":{"rendered":"<p>En el mundo de la log\u00edstica y los sistemas de almacenamiento, la eficiencia es clave para garantizar el buen funcionamiento de cualquier almac\u00e9n. En RackUSA, ofrecemos una soluci\u00f3n avanzada: los racks din\u00e1micos. Estos innovadores sistemas estan dise\u00f1ados para mejorar la rotaci\u00f3n del inventario, optimizar el espacio disponible y garantizar un funcionamiento m\u00e1s fluido y r\u00e1pido. [&hellip;]<\/p>\n","protected":false},"author":25,"featured_media":0,"parent":0,"menu_order":0,"comment_status":"closed","ping_status":"closed","template":"elementor_header_footer","meta":{"_acf_changed":false,"editor_notices":[],"footnotes":""},"class_list":["post-10682","page","type-page","status-publish","hentry"],"acf":[],"_links":{"self":[{"href":"https:\/\/rackusa.com\/es-mx\/wp-json\/wp\/v2\/pages\/10682","targetHints":{"allow":["GET"]}}],"collection":[{"href":"https:\/\/rackusa.com\/es-mx\/wp-json\/wp\/v2\/pages"}],"about":[{"href":"https:\/\/rackusa.com\/es-mx\/wp-json\/wp\/v2\/types\/page"}],"author":[{"embeddable":true,"href":"https:\/\/rackusa.com\/es-mx\/wp-json\/wp\/v2\/users\/25"}],"replies":[{"embeddable":true,"href":"https:\/\/rackusa.com\/es-mx\/wp-json\/wp\/v2\/comments?post=10682"}],"version-history":[{"count":62,"href":"https:\/\/rackusa.com\/es-mx\/wp-json\/wp\/v2\/pages\/10682\/revisions"}],"predecessor-version":[{"id":16025,"href":"https:\/\/rackusa.com\/es-mx\/wp-json\/wp\/v2\/pages\/10682\/revisions\/16025"}],"wp:attachment":[{"href":"https:\/\/rackusa.com\/es-mx\/wp-json\/wp\/v2\/media?parent=10682"}],"curies":[{"name":"wp","href":"https:\/\/api.w.org\/{rel}","templated":true}]}}